{"id":279,"date":"2012-09-22T12:14:33","date_gmt":"2012-09-22T10:14:33","guid":{"rendered":"http:\/\/fredrikstad.katolsk.no\/?page_id=279"},"modified":"2022-04-26T12:29:45","modified_gmt":"2022-04-26T10:29:45","slug":"polsk","status":"publish","type":"page","link":"https:\/\/fredrikstad.katolsk.no\/?page_id=279","title":{"rendered":"Polsk"},"content":{"rendered":"<p>Leder av polsk gruppe:<\/p>\n<p>&nbsp;<\/p>\n<p>Zbigniew Gorski<\/p>\n<p>Mobil: 975 25 241<\/p>\n<p>E-post. zgorski@online.on<\/p>\n<p>&nbsp;<\/p>\n<p><strong>Msza \u015bw w j\u0119zyku polskim przeniesiona z Fredrikstad do Sarpsborga.<\/strong><\/p>\n<p>Od niedzieli 8go 2013 wrze\u015bnia b\u0119dzie odprawiana \u00a0w Sarpsborgu.<\/p>\n<p>Msza \u015bw b\u0119dzie odprawiana w Ko\u015bciele w Tune; o godz 16.00.<\/p>\n<p>Adres: Tuneveien 43 , 1710 Sarpsborg.<\/p>\n<p>W pierwsz\u0105\u00a0 niedziel\u0119\u00a0 miesi\u0105ca msza \u015bw. w j polskim pozostaje w Ko\u015bciele St. Birgitty we Fredrikstad jak\u00a0 dotychczas.<\/p>\n<p>&nbsp;<\/p>\n<p>&nbsp;<\/p>\n","protected":false},"excerpt":{"rendered":"<p>Leder av polsk gruppe: &nbsp; Zbigniew Gorski Mobil: 975 25 241 E-post. zgorski@online.on &nbsp; Msza \u015bw w j\u0119zyku polskim przeniesiona z Fredrikstad do Sarpsborga. Od niedzieli 8go 2013 wrze\u015bnia b\u0119dzie odprawiana \u00a0w Sarpsborgu. Msza \u015bw b\u0119dzie odprawiana w Ko\u015bciele w &hellip; <a href=\"https:\/\/fredrikstad.katolsk.no\/?page_id=279\">Les videre <span class=\"meta-nav\">&rarr;<\/span><\/a><\/p>\n","protected":false},"author":3,"featured_media":0,"parent":277,"menu_order":0,"comment_status":"closed","ping_status":"open","template":"sidebar-page.php","meta":{"footnotes":""},"class_list":["post-279","page","type-page","status-publish","hentry"],"_links":{"self":[{"href":"https:\/\/fredrikstad.katolsk.no\/index.php?rest_route=\/wp\/v2\/pages\/279","targetHints":{"allow":["GET"]}}],"collection":[{"href":"https:\/\/fredrikstad.katolsk.no\/index.php?rest_route=\/wp\/v2\/pages"}],"about":[{"href":"https:\/\/fredrikstad.katolsk.no\/index.php?rest_route=\/wp\/v2\/types\/page"}],"author":[{"embeddable":true,"href":"https:\/\/fredrikstad.katolsk.no\/index.php?rest_route=\/wp\/v2\/users\/3"}],"replies":[{"embeddable":true,"href":"https:\/\/fredrikstad.katolsk.no\/index.php?rest_route=%2Fwp%2Fv2%2Fcomments&post=279"}],"version-history":[{"count":15,"href":"https:\/\/fredrikstad.katolsk.no\/index.php?rest_route=\/wp\/v2\/pages\/279\/revisions"}],"predecessor-version":[{"id":8521,"href":"https:\/\/fredrikstad.katolsk.no\/index.php?rest_route=\/wp\/v2\/pages\/279\/revisions\/8521"}],"up":[{"embeddable":true,"href":"https:\/\/fredrikstad.katolsk.no\/index.php?rest_route=\/wp\/v2\/pages\/277"}],"wp:attachment":[{"href":"https:\/\/fredrikstad.katolsk.no\/index.php?rest_route=%2Fwp%2Fv2%2Fmedia&parent=279"}],"curies":[{"name":"wp","href":"https:\/\/api.w.org\/{rel}","templated":true}]}}