{"id":296,"date":"2012-09-22T12:23:58","date_gmt":"2012-09-22T10:23:58","guid":{"rendered":"http:\/\/fredrikstad.katolsk.no\/?page_id=296"},"modified":"2022-11-23T11:15:20","modified_gmt":"2022-11-23T10:15:20","slug":"kirkekoret","status":"publish","type":"page","link":"https:\/\/fredrikstad.katolsk.no\/?page_id=296","title":{"rendered":"Kirkekoret"},"content":{"rendered":"<p><strong>St. Birgitta kor<\/strong>\u00a0best\u00e5r i \u00e5r av 11 optimistiske damer.<\/p>\n<p>V\u00e5r viktigste oppgave er \u00e5 medvirke i h\u00f8ymessen p\u00e5 s\u00f8ndag, til jul, p\u00e5ske, 1. kommunion, konfirmasjon &#8211; og ved andre tilstelninger\/begivenheter i kirken.<\/p>\n<p>Gregoriansk sang ligger korets hjerte n\u00e6r.<\/p>\n<p>Vi er et sosialt kor med mye hygge og glede b\u00e5de p\u00e5 kor-\u00f8velsene og ellers.\u00a0 Litt kurs- og reisevirksomhet f\u00e5r vi ogs\u00e5 til.<\/p>\n<p>Nye medlemmer er et stort \u00f8nske (og behov) i koret.<\/p>\n<p>Vi har \u00f8velse onsdager (ikke hver uke) kl 19.00 i menighetslokalet.<\/p>\n<p>Kontaktperson:<\/p>\n<p>Bernd M\u00fcller-Bohn (korleder) &#8211; e-post: organist8472@yahoo.com<\/p>\n<p>&nbsp;<\/p>\n<h6><\/h6>\n<h6><\/h6>\n<h6><\/h6>\n","protected":false},"excerpt":{"rendered":"<p>St. Birgitta kor\u00a0best\u00e5r i \u00e5r av 11 optimistiske damer. V\u00e5r viktigste oppgave er \u00e5 medvirke i h\u00f8ymessen p\u00e5 s\u00f8ndag, til jul, p\u00e5ske, 1. kommunion, konfirmasjon &#8211; og ved andre tilstelninger\/begivenheter i kirken. Gregoriansk sang ligger korets hjerte n\u00e6r. Vi er &hellip; <a href=\"https:\/\/fredrikstad.katolsk.no\/?page_id=296\">Les videre <span class=\"meta-nav\">&rarr;<\/span><\/a><\/p>\n","protected":false},"author":3,"featured_media":0,"parent":9,"menu_order":0,"comment_status":"closed","ping_status":"open","template":"sidebar-page.php","meta":{"footnotes":""},"class_list":["post-296","page","type-page","status-publish","hentry"],"_links":{"self":[{"href":"https:\/\/fredrikstad.katolsk.no\/index.php?rest_route=\/wp\/v2\/pages\/296","targetHints":{"allow":["GET"]}}],"collection":[{"href":"https:\/\/fredrikstad.katolsk.no\/index.php?rest_route=\/wp\/v2\/pages"}],"about":[{"href":"https:\/\/fredrikstad.katolsk.no\/index.php?rest_route=\/wp\/v2\/types\/page"}],"author":[{"embeddable":true,"href":"https:\/\/fredrikstad.katolsk.no\/index.php?rest_route=\/wp\/v2\/users\/3"}],"replies":[{"embeddable":true,"href":"https:\/\/fredrikstad.katolsk.no\/index.php?rest_route=%2Fwp%2Fv2%2Fcomments&post=296"}],"version-history":[{"count":12,"href":"https:\/\/fredrikstad.katolsk.no\/index.php?rest_route=\/wp\/v2\/pages\/296\/revisions"}],"predecessor-version":[{"id":8900,"href":"https:\/\/fredrikstad.katolsk.no\/index.php?rest_route=\/wp\/v2\/pages\/296\/revisions\/8900"}],"up":[{"embeddable":true,"href":"https:\/\/fredrikstad.katolsk.no\/index.php?rest_route=\/wp\/v2\/pages\/9"}],"wp:attachment":[{"href":"https:\/\/fredrikstad.katolsk.no\/index.php?rest_route=%2Fwp%2Fv2%2Fmedia&parent=296"}],"curies":[{"name":"wp","href":"https:\/\/api.w.org\/{rel}","templated":true}]}}