{"id":307,"date":"2012-09-22T12:27:13","date_gmt":"2012-09-22T10:27:13","guid":{"rendered":"http:\/\/fredrikstad.katolsk.no\/?page_id=307"},"modified":"2023-01-27T15:08:13","modified_gmt":"2023-01-27T14:08:13","slug":"utdanningsfondet","status":"publish","type":"page","link":"https:\/\/fredrikstad.katolsk.no\/?page_id=307","title":{"rendered":"Utdanningsfondet"},"content":{"rendered":"<p>Menigheten har et utdanningsfond der lege- og prestestudenter kan s\u00f8ke om bistand, Christina Holm-Martinsens Utdanningsfond.<\/p>\n<p>Styreformann: pater Jagath Gunapala, omi.<br \/>\nStyremedlemmer: M\u00e5lfrid Norg\u00e5rd og Karoline Pham.<\/p>\n<p>&nbsp;<\/p>\n","protected":false},"excerpt":{"rendered":"<p>Menigheten har et utdanningsfond der lege- og prestestudenter kan s\u00f8ke om bistand, Christina Holm-Martinsens Utdanningsfond. Styreformann: pater Jagath Gunapala, omi. Styremedlemmer: M\u00e5lfrid Norg\u00e5rd og Karoline Pham. &nbsp;<\/p>\n","protected":false},"author":3,"featured_media":0,"parent":9,"menu_order":0,"comment_status":"closed","ping_status":"open","template":"sidebar-page.php","meta":{"footnotes":""},"class_list":["post-307","page","type-page","status-publish","hentry"],"_links":{"self":[{"href":"https:\/\/fredrikstad.katolsk.no\/index.php?rest_route=\/wp\/v2\/pages\/307","targetHints":{"allow":["GET"]}}],"collection":[{"href":"https:\/\/fredrikstad.katolsk.no\/index.php?rest_route=\/wp\/v2\/pages"}],"about":[{"href":"https:\/\/fredrikstad.katolsk.no\/index.php?rest_route=\/wp\/v2\/types\/page"}],"author":[{"embeddable":true,"href":"https:\/\/fredrikstad.katolsk.no\/index.php?rest_route=\/wp\/v2\/users\/3"}],"replies":[{"embeddable":true,"href":"https:\/\/fredrikstad.katolsk.no\/index.php?rest_route=%2Fwp%2Fv2%2Fcomments&post=307"}],"version-history":[{"count":5,"href":"https:\/\/fredrikstad.katolsk.no\/index.php?rest_route=\/wp\/v2\/pages\/307\/revisions"}],"predecessor-version":[{"id":9102,"href":"https:\/\/fredrikstad.katolsk.no\/index.php?rest_route=\/wp\/v2\/pages\/307\/revisions\/9102"}],"up":[{"embeddable":true,"href":"https:\/\/fredrikstad.katolsk.no\/index.php?rest_route=\/wp\/v2\/pages\/9"}],"wp:attachment":[{"href":"https:\/\/fredrikstad.katolsk.no\/index.php?rest_route=%2Fwp%2Fv2%2Fmedia&parent=307"}],"curies":[{"name":"wp","href":"https:\/\/api.w.org\/{rel}","templated":true}]}}