{"id":65,"date":"2012-06-10T21:18:17","date_gmt":"2012-06-10T19:18:17","guid":{"rendered":"http:\/\/fredrikstad.katolsk.no\/?page_id=65"},"modified":"2014-06-12T13:19:02","modified_gmt":"2014-06-12T11:19:02","slug":"om-menigheten","status":"publish","type":"page","link":"https:\/\/fredrikstad.katolsk.no\/?page_id=65","title":{"rendered":"Menighetens historie"},"content":{"rendered":"<p>I 2013 har menigheten 2600 registrerte medlemmer og dekker kommunene Fredrikstad, Sarpsborg og Hvaler. Det reelle antall katolikker er til enhver tid langt h\u00f8yere, f\u00f8rst og fremst p\u00e5 grunn av arbeidsinnvandring. Som ellers i Norge best\u00e5r menigheten av mennesker fra mange nasjonaliteter. Messene er sv\u00e6rt godt bes\u00f8kt, et anslag sier at i alt 600 mennesker er i messene s\u00f8ndag, og 25 deltar ved hver messe p\u00e5 hverdagene. Menigheten har en rekke aktiviteter og grupper.<\/p>\n<p>Under finnes en link til en kort beskrivelse av menighetens historie. Siden denne ble skrevet er igjen OMI kommuniteten tilbake i Fredrikstad, og kirken har f\u00e5tt glassmalerier i kirkens kuppel.<\/p>\n<p><a href=\"http:\/\/fredrikstad.katolsk.no\/wp-content\/uploads\/2012\/06\/St.Birgittafakta.pdf\">St.Birgittafakta<\/a><\/p>\n","protected":false},"excerpt":{"rendered":"<p>I 2013 har menigheten 2600 registrerte medlemmer og dekker kommunene Fredrikstad, Sarpsborg og Hvaler. Det reelle antall katolikker er til enhver tid langt h\u00f8yere, f\u00f8rst og fremst p\u00e5 grunn av arbeidsinnvandring. Som ellers i Norge best\u00e5r menigheten av mennesker fra &hellip; <a href=\"https:\/\/fredrikstad.katolsk.no\/?page_id=65\">Les videre <span class=\"meta-nav\">&rarr;<\/span><\/a><\/p>\n","protected":false},"author":4,"featured_media":0,"parent":0,"menu_order":0,"comment_status":"closed","ping_status":"open","template":"sidebar-page.php","meta":{"footnotes":""},"class_list":["post-65","page","type-page","status-publish","hentry"],"_links":{"self":[{"href":"https:\/\/fredrikstad.katolsk.no\/index.php?rest_route=\/wp\/v2\/pages\/65","targetHints":{"allow":["GET"]}}],"collection":[{"href":"https:\/\/fredrikstad.katolsk.no\/index.php?rest_route=\/wp\/v2\/pages"}],"about":[{"href":"https:\/\/fredrikstad.katolsk.no\/index.php?rest_route=\/wp\/v2\/types\/page"}],"author":[{"embeddable":true,"href":"https:\/\/fredrikstad.katolsk.no\/index.php?rest_route=\/wp\/v2\/users\/4"}],"replies":[{"embeddable":true,"href":"https:\/\/fredrikstad.katolsk.no\/index.php?rest_route=%2Fwp%2Fv2%2Fcomments&post=65"}],"version-history":[{"count":11,"href":"https:\/\/fredrikstad.katolsk.no\/index.php?rest_route=\/wp\/v2\/pages\/65\/revisions"}],"predecessor-version":[{"id":2207,"href":"https:\/\/fredrikstad.katolsk.no\/index.php?rest_route=\/wp\/v2\/pages\/65\/revisions\/2207"}],"wp:attachment":[{"href":"https:\/\/fredrikstad.katolsk.no\/index.php?rest_route=%2Fwp%2Fv2%2Fmedia&parent=65"}],"curies":[{"name":"wp","href":"https:\/\/api.w.org\/{rel}","templated":true}]}}